{"id":110,"date":"2020-06-03T13:39:57","date_gmt":"2020-06-03T13:39:57","guid":{"rendered":"https:\/\/test.lisa-breitfeld.de\/?page_id=110"},"modified":"2025-12-02T17:12:25","modified_gmt":"2025-12-02T17:12:25","slug":"referenzen","status":"publish","type":"page","link":"https:\/\/lisa-breitfeld.de\/?page_id=110","title":{"rendered":"Clients"},"content":{"rendered":"\n<h1 class=\"wp-block-heading has-text-align-center\">Photographer<\/h1>\n\n\n\n<p class=\"has-text-align-center\">Ashirov Martic; Dominik Gonz\u00e1lez; Nti; Emil Levy; Lissy Gollnik; Lukas Goldschmidt; Viv &amp; J\u00e9; Anna Boettke; Alexis White; Nikk Martin; Christine Lutz; Suzana Holtgrave; Nick Strutsi; Marlen Stahlhuth; Florian R\u00f6ske; Leo Rohrsetzer; Till Tan; Phil Blandow; Magnus Lechner<\/p>\n\n\n\n<h1 class=\"wp-block-heading\">Magazine \/ Clients<\/h1>\n\n\n\n<p class=\"has-text-align-center\"> Flaconi; Schwarzkopf; Catrice Cosmetics; Grazia UK; Ylumi; Anita Hass; Dear Darling; Nike; Zalando; About You; Peach Socials; Peach Berlin; Nylon; Duel Magazine; Thekunstmagazine; Tush; Beautiful Blood; GQ Germany; Chunk Filmproduktion; Agentur XY<\/p>\n","protected":false},"excerpt":{"rendered":"<p>Photographer Ashirov Martic; Dominik Gonz\u00e1lez; Nti; Emil Levy; Lissy Gollnik; Lukas Goldschmidt; Viv &amp; J\u00e9; Anna Boettke; Alexis White; Nikk Martin; Christine Lutz; Suzana Holtgrave; Nick Strutsi; Marlen Stahlhuth; Florian R\u00f6ske; Leo Rohrsetzer; Till Tan; Phil Blandow; Magnus Lechner Magazine \/ Clients Flaconi; Schwarzkopf; Catrice Cosmetics; Grazia UK; Ylumi; Anita Hass; Dear Darling; Nike; Zalando; [&hellip;]<\/p>\n","protected":false},"author":1,"featured_media":0,"parent":0,"menu_order":0,"comment_status":"closed","ping_status":"closed","template":"page-templates\/about-page.php","meta":{"footnotes":""},"class_list":["post-110","page","type-page","status-publish","hentry"],"_links":{"self":[{"href":"https:\/\/lisa-breitfeld.de\/index.php?rest_route=\/wp\/v2\/pages\/110","targetHints":{"allow":["GET"]}}],"collection":[{"href":"https:\/\/lisa-breitfeld.de\/index.php?rest_route=\/wp\/v2\/pages"}],"about":[{"href":"https:\/\/lisa-breitfeld.de\/index.php?rest_route=\/wp\/v2\/types\/page"}],"author":[{"embeddable":true,"href":"https:\/\/lisa-breitfeld.de\/index.php?rest_route=\/wp\/v2\/users\/1"}],"replies":[{"embeddable":true,"href":"https:\/\/lisa-breitfeld.de\/index.php?rest_route=%2Fwp%2Fv2%2Fcomments&post=110"}],"version-history":[{"count":14,"href":"https:\/\/lisa-breitfeld.de\/index.php?rest_route=\/wp\/v2\/pages\/110\/revisions"}],"predecessor-version":[{"id":536,"href":"https:\/\/lisa-breitfeld.de\/index.php?rest_route=\/wp\/v2\/pages\/110\/revisions\/536"}],"wp:attachment":[{"href":"https:\/\/lisa-breitfeld.de\/index.php?rest_route=%2Fwp%2Fv2%2Fmedia&parent=110"}],"curies":[{"name":"wp","href":"https:\/\/api.w.org\/{rel}","templated":true}]}}