{"id":103,"date":"2020-06-03T13:38:09","date_gmt":"2020-06-03T13:38:09","guid":{"rendered":"https:\/\/test.lisa-breitfeld.de\/?page_id=103"},"modified":"2025-10-20T20:35:22","modified_gmt":"2025-10-20T20:35:22","slug":"impressum","status":"publish","type":"page","link":"https:\/\/lisa-breitfeld.de\/?page_id=103","title":{"rendered":"Impressum"},"content":{"rendered":"\n<p><\/p>\n\n\n\n<h3 class=\"has-text-align-left wp-block-heading\">ANGABEN GEM\u00c4SS \u00a7 5 TM<\/h3>\n\n\n\n<p class=\"has-text-align-left\">Lisa Breitfeld<br>Meerweinstra\u00dfe 7<br>22303 Hamburg<\/p>\n\n\n\n<h3 class=\"has-text-align-left wp-block-heading\">VERTRETEN DURCH:<\/h3>\n\n\n\n<p class=\"has-text-align-left\">Lisa Breitfeld<\/p>\n\n\n\n<h3 class=\"has-text-align-left wp-block-heading\">KONTAKT:<\/h3>\n\n\n\n<p class=\"has-text-align-left\">Telefon: 0175-2295096<br>E-Mail: impressum@lisa-breitfeld.de<\/p>\n\n\n\n<h3 class=\"has-text-align-left wp-block-heading\">HAFTUNG F\u00dcR LINKS<\/h3>\n\n\n\n<p class=\"has-text-align-left\">Unser Angebot enth\u00e4lt Links zu externen Webseiten Dritter, auf deren Inhalte wir keinen Einfluss haben und auch keine Gew\u00e4hr \u00fcbernehmen. F\u00fcr die Inhalte der verlinkten Seiten ist stets der jeweilige Anbieter oder Betreiber der Seiten verantwortlich. Die verlinkten Seiten wurden zum Zeitpunkt der Verlinkung auf m\u00f6gliche Rechtsverst\u00f6\u00dfe \u00fcberpr\u00fcft und es waren keine rechtswidrigen Inhalte erkennbar. Bei Bekanntwerden von Rechtsverletzungen werden wir derartige Links umgehend entfernen.<\/p>\n\n\n\n<h3 class=\"has-text-align-left wp-block-heading\">URHEBERRECHT<\/h3>\n\n\n\n<p class=\"has-text-align-left\">Alle Rechte an dieser Seite behalten sich die Autoren vor. Es gelten die Bestimmungen des deutschen Urheberrechts<\/p>\n\n\n\n<h3 class=\"has-text-align-left wp-block-heading\">DATENSCHUTZ<\/h3>\n\n\n\n<p class=\"has-text-align-left\">Da beim Besuch dieser Website personenbezogene Daten anfallen, erhalten Sie hier einen \u00dcberblick, woher, diese Daten kommen, wie sie verarbeitet und sp\u00e4ter gel\u00f6scht werden und welche Rechte Sie im Bezug auf diese Daten haben.<\/p>\n\n\n\n<p class=\"has-text-align-left\">Die Verantwortliche Stelle f\u00fcr die Verarbeitung der Daten ist:<br>Lisa Breitfeld<br>Pappelberg 29<br>38104 Braunschweig<\/p>\n\n\n\n<p class=\"has-text-align-left\">Vertretungsberechtigte: Lisa Breitfeld (impressum@lisa-breitfeld.de)<\/p>\n\n\n\n<h3 class=\"has-text-align-left wp-block-heading\">WEBBROWSER<\/h3>\n\n\n\n<p class=\"has-text-align-left\">Ihr Webbrowser sendet mit jedem Besuch einer Internetseite diverse Daten an den Webserver, der die aufgerufene Internetseite zur Verf\u00fcgung stellt. Im ersten Schritt fordert Ihr Webbrowser den Inhalt der aufgerufenen Seite selbst an. Danach werden s\u00e4mtliche Ressourcen (Bilder, Scripte, Informationen \u00fcber die Darstellung der Seite, Videos, Landkarten, etc.) einer Website Schritt f\u00fcr Schritt nachgeladen. Dies passiert in Sekundenbruchteilen.<br>Da bei der Erstellung einer Website im Regelfall eine Vielzahl Ressourcen von unterschiedlichen Anbietern eingebunden werden, kommuniziert Ihr Webbrowser beim Aufruf einer Website also nicht nur mit uns (dem Anbieter), sondern auch mit einer Vielzahl Dritter, die die Website durch Ihre Inhalte erst vollst\u00e4ndig machen.<\/p>\n\n\n\n<p class=\"has-text-align-left\">F\u00fcr jede dieser oben beschriebenen Ressourcen wird eine Anfrage zu dem Anbieter der jeweiligen Ressource gesendet. Diese Anfrage enth\u00e4lt in der Regel folgende Daten: *Die aufgerufene Website<br>*Den User-Agent-String (eine technische Bezeichnung f\u00fcr Ihren Webbrowser)<br>*Die Sprache Ihres Betriebssystems<br>*Die zuletzt aufgerufene Website<br>*Ihre IP-Adresse oder die IP-Adresse des von Ihnen genutzten Internetanschlusses<\/p>\n\n\n\n<p class=\"has-text-align-left\">Diese Daten werden im Folgenden als Metadaten bezeichnet.<\/p>\n\n\n\n<h3 class=\"has-text-align-left wp-block-heading\">SERVER<\/h3>\n\n\n\n<p class=\"has-text-align-left\">Der Webserver auf dem diese Website gespeichert ist, wird von jackhost.net in Braunschweig, Deutschland betrieben. Der Server steht k\u00f6rperlich in Deutschland. F\u00fcr den Betrieb dieser Website wurde ein Auftragsverarbeitungsvertrag geschlossen, der den gesetzlichen Anforderungen entspricht.<\/p>\n\n\n\n<h3 class=\"has-text-align-left wp-block-heading\">SERVERPROTOKOLLDATEIEN<\/h3>\n\n\n\n<p class=\"has-text-align-left\">Wir speichern Protokolldateien auf unserem Server. Diese enthalten die unter dem Punkt Webbrowser aufgef\u00fchrten Metadaten. Diese Daten verarbeiten wir auf Basis einer Interessenabw\u00e4gung, um die Sicherheit unserer Website zu gew\u00e4hrleisten, und um Fehler zu erkennen und nachverfolgen zu k\u00f6nnen. Diese Serverprotokolldateien werden maximal 7 Tage aufgehoben und dann automatisiert gel\u00f6scht.<\/p>\n\n\n\n<h3 class=\"has-text-align-left wp-block-heading\">KONTAKTFORMULAR<\/h3>\n\n\n\n<p class=\"has-text-align-left\">Wir stellen auf unserer Website ein Kontaktformular bereit, mit dem Sie uns Anfragen \u00fcbermitteln k\u00f6nnen. Damit wir diese Anfragen beantworten k\u00f6nnen, haben wir einige Felder als Pflichtfelder gekennzeichnet. Die Angabe dieser Daten (Name, Emailadresse, Telefonnummer, Anfragetext) ist erforderlich, damit wir Ihnen auf die Anfrage antworten k\u00f6nnen. Zus\u00e4tzlich zu den Daten, die in den Pflichtfeldern enthalten sind, erhalten wir noch Datum und Uhrzeit Ihrer Anfrage. Die Verarbeitung dieser Daten erfolgt nur auf Basis Ihrer Einwilligung. Diese erteilen Sie uns durch das Anklicken des Buttons Abschicken unter unserem Kontaktformular. Die Daten aus dem Kontaktformular werden von uns vertraulich gehandhabt und nicht an Dritte weitergegeben. Wir l\u00f6schen Ihre Anfrage und die darauf folgende Konversation, wenn Ihre Anfrage von uns abschlie\u00dfend beantwortet worden ist oder sich anderweitig erledigt hat.<\/p>\n\n\n\n<h3 class=\"has-text-align-left wp-block-heading\">EMAILKONTAKT<\/h3>\n\n\n\n<p class=\"has-text-align-left\">Sie finden auf unserer Website unsere Emailadresse. \u00dcber diese k\u00f6nnen Sie jederzeit Kontakt mit uns aufnehmen. Alle Daten, die Sie uns in der Email zusenden, verarbeiten wir auf Basis Ihrer Einwilligung. Wenn Ihr Emailkontakt auf den Abschluss eines Vertrages abzielt, so verarbeiten wir Ihre Daten im Rahmen der Erf\u00fcllung eines Vertrages. Alle Daten, die Sie uns per Email zusenden, werden von uns vertraulich gehandhabt und nicht an Dritte weitergegeben. Wir l\u00f6schen Ihre Email und die darauf folgende Konversation, wenn Ihre Anfrage von uns abschlie\u00dfend beantwortet worden ist oder sich anderweitig erledigt hat. Wenn der Emailkontakt einem Vertragsschluss diente, so l\u00f6schen wir Ihre Email nach Erf\u00fcllung des Vertrages bzw. nach dem Ablauf gesetzlicher L\u00f6schfristen, die dem entgegenstehen k\u00f6nnten.<\/p>\n\n\n\n<h3 class=\"has-text-align-left wp-block-heading\">WEITERE DIENSTE<\/h3>\n\n\n\n<p class=\"has-text-align-left\">Wir verwenden zur Bereitstellung dieser Website weitere Dienste, die ebenfalls Metadaten verarbeiten. Durch die Nutzung dieser Dienste werden wichtige Elemente der Website bereitgestellt (vgl. Ressourcen unter dem Punkt Webbrowser), ohne die eine ordentliche Funktion unserer Website nicht gew\u00e4hrleistet w\u00e4re. Diese sind:<\/p>\n\n\n\n<h3 class=\"has-text-align-left wp-block-heading\">ADOBE TYPEKIT<\/h3>\n\n\n\n<p class=\"has-text-align-left\">Zur Darstellung von nicht frei verf\u00fcgbaren Schriften auf unserer Website verwenden wir den Dienst &#8222;Adobe Typekit&#8220;. Im Rahmen des Abrufs von Daten von diesem Anbieter, werden die unter &#8222;Webbrowser&#8220; genannten Metadaten an den Anbieter \u00fcbertragen. Diese Datenverarbeitung erfolgt auf Basis einer Interessenabw\u00e4gung, da sonst eine ordentliche Funktion unserer Website nicht gew\u00e4hrleistet w\u00e4re.<\/p>\n\n\n\n<p class=\"has-text-align-left\">Dieser Dienst wird bereitgestellt von:<br>Adobe Systems Software Ireland Limited<br>4-6 Riverwalk<br>Citywest Business Campus<br>Dublin 24<br>Irland<\/p>\n\n\n\n<p class=\"has-text-align-left\">Adobe Systems Software Ireland Limited l\u00f6scht die Daten maximal 60 Tage nach dem Abruf einer Schriftdatei.<br>Die Datenschutzerkl\u00e4rung zu diesem Dienst finden Sie hier: https:\/\/www.adobe.com\/de\/privacy\/policies\/typekit.html<br>Da der Diensteanbieter in einem Mitgliedsstaat der EU ans\u00e4ssig ist, ist dieser ebenfalls zur Verarbeitung von Daten nach der DSGVO verpflichtet.<\/p>\n\n\n\n<h3 class=\"has-text-align-left wp-block-heading\">IHRE RECHTE<\/h3>\n\n\n\n<p class=\"has-text-align-left\">Wir erteilen Ihnen unentgeltlich jederzeit Auskunft zu den von Ihnen bei uns gespeicherten Daten. Unrichtige Daten korrigieren wir ebenfalls unverz\u00fcglich, wenn Sie uns dar\u00fcber informieren. Wenn Sie uns eine Einwilligung zur Verarbeitung Ihrer Daten gegeben haben oder wir Ihre Daten auf Basis Ihrer Einwilligung verarbeiten, so k\u00f6nnen Sie diese jederzeit widerrufen. Wir werden Ihre Daten dann sofort l\u00f6schen und nicht weiter verarbeiten, wenn keine anderen gesetzlichen Regelungen der L\u00f6schung entgegenstehen. Sie k\u00f6nnen der Verarbeitung Ihrer Daten bei uns jederzeit widersprechen. Zudem haben Sie das Recht, unter bestimmten Voraussetzungen die L\u00f6schung Ihrer Daten, sowie die Beschr\u00e4nkung der Verarbeitung Ihrer Daten zu verlangen. Ihnen stehen zudem die Rechte auf Daten\u00fcbertragbarkeit, sowie das Recht auf eine nicht ausschlie\u00dflich automatisierte Entscheidung im Falle von Profiling zu. Wenn Sie eines dieser Rechte aus\u00fcben m\u00f6chten, dann sind wir verpflichtet, Sie \u00fcber jede Berichtigung, L\u00f6schung oder Einschr\u00e4nkung der Verarbeitung zu informieren.<\/p>\n\n\n\n<h3 class=\"has-text-align-left wp-block-heading\">BESCHWERDERECHT<\/h3>\n\n\n\n<p class=\"has-text-align-left\">Bez\u00fcglich dieser Datenverarbeitung steht Ihnen ein Beschwerderecht zu. Dieses k\u00f6nnen Sie bei der zust\u00e4ndigen Beh\u00f6rde jederzeit aus\u00fcben.<\/p>\n","protected":false},"excerpt":{"rendered":"<p>ANGABEN GEM\u00c4SS \u00a7 5 TM Lisa BreitfeldMeerweinstra\u00dfe 722303 Hamburg VERTRETEN DURCH: Lisa Breitfeld KONTAKT: Telefon: 0175-2295096E-Mail: impressum@lisa-breitfeld.de HAFTUNG F\u00dcR LINKS Unser Angebot enth\u00e4lt Links zu externen Webseiten Dritter, auf deren Inhalte wir keinen Einfluss haben und auch keine Gew\u00e4hr \u00fcbernehmen. F\u00fcr die Inhalte der verlinkten Seiten ist stets der jeweilige Anbieter oder Betreiber der Seiten [&hellip;]<\/p>\n","protected":false},"author":1,"featured_media":0,"parent":0,"menu_order":0,"comment_status":"closed","ping_status":"closed","template":"page-templates\/about-page.php","meta":{"footnotes":""},"class_list":["post-103","page","type-page","status-publish","hentry"],"_links":{"self":[{"href":"https:\/\/lisa-breitfeld.de\/index.php?rest_route=\/wp\/v2\/pages\/103","targetHints":{"allow":["GET"]}}],"collection":[{"href":"https:\/\/lisa-breitfeld.de\/index.php?rest_route=\/wp\/v2\/pages"}],"about":[{"href":"https:\/\/lisa-breitfeld.de\/index.php?rest_route=\/wp\/v2\/types\/page"}],"author":[{"embeddable":true,"href":"https:\/\/lisa-breitfeld.de\/index.php?rest_route=\/wp\/v2\/users\/1"}],"replies":[{"embeddable":true,"href":"https:\/\/lisa-breitfeld.de\/index.php?rest_route=%2Fwp%2Fv2%2Fcomments&post=103"}],"version-history":[{"count":5,"href":"https:\/\/lisa-breitfeld.de\/index.php?rest_route=\/wp\/v2\/pages\/103\/revisions"}],"predecessor-version":[{"id":431,"href":"https:\/\/lisa-breitfeld.de\/index.php?rest_route=\/wp\/v2\/pages\/103\/revisions\/431"}],"wp:attachment":[{"href":"https:\/\/lisa-breitfeld.de\/index.php?rest_route=%2Fwp%2Fv2%2Fmedia&parent=103"}],"curies":[{"name":"wp","href":"https:\/\/api.w.org\/{rel}","templated":true}]}}